{"id":38,"date":"2020-11-03T06:01:35","date_gmt":"2020-11-03T06:01:35","guid":{"rendered":"http:\/\/nhp.standesbeamte-nordrhein.de\/?page_id=38"},"modified":"2026-03-05T16:58:35","modified_gmt":"2026-03-05T15:58:35","slug":"willkommen-auf-der-homepage-des-fachverbandes-nordrhein","status":"publish","type":"page","link":"http:\/\/standesbeamte-nordrhein.de\/","title":{"rendered":"Willkommen auf der Homepage des Fachverbandes Nordrhein e.V."},"content":{"rendered":"\n<div class=\"wp-block-group\"><div class=\"wp-block-group__inner-container is-layout-flow wp-block-group-is-layout-flow\"><div class=\"wp-block-image\">\n<figure class=\"alignleft size-large is-resized\"><img loading=\"lazy\" decoding=\"async\" width=\"795\" height=\"1024\" src=\"http:\/\/standesbeamte-nordrhein.de\/wp-content\/uploads\/2025\/05\/Bild-Grusswort-795x1024.jpg\" alt=\"\" class=\"wp-image-1721\" style=\"width:522px;height:auto\" srcset=\"http:\/\/standesbeamte-nordrhein.de\/wp-content\/uploads\/2025\/05\/Bild-Grusswort-795x1024.jpg 795w, http:\/\/standesbeamte-nordrhein.de\/wp-content\/uploads\/2025\/05\/Bild-Grusswort-233x300.jpg 233w, http:\/\/standesbeamte-nordrhein.de\/wp-content\/uploads\/2025\/05\/Bild-Grusswort-768x990.jpg 768w, http:\/\/standesbeamte-nordrhein.de\/wp-content\/uploads\/2025\/05\/Bild-Grusswort.jpg 842w\" sizes=\"auto, (max-width: 795px) 100vw, 795px\" \/><\/figure>\n<\/div>\n\n\n<p>Guten Tag und herzlich Willkommen auf der Homepage des Fachverbandes Nordrhein e.V.<br><br>Sch\u00f6n, Ihr Interesse geweckt zu haben. Ich lade Sie herzlich ein auf unserer Homepage zu st\u00f6bern.<br><br>Der Fachverband der Standesbeamten Nordrhein e.V. wurde am 27.M\u00e4rz 1947 in D\u00fcsseldorf gegr\u00fcndet. Aber schon Ende des 19. Jahrhunderts kamen rheinische Standesbeamte zur Fortbildung auf privater Basis zusammen. Anlass war die Einf\u00fchrung des B\u00fcrgerlichen Gesetzbuches zum 01.Januar 1900.<br><br>Das Verbandsgebiet umfasst die Regierungsbezirke D\u00fcsseldorf und K\u00f6ln. Mitglieder sind Standesbeamtinnen und Standesbeamte sowie im Personenstandswesen t\u00e4tige Dienstkr\u00e4fte bei den Standes\u00e4mtern und deren Aufsichtsbeh\u00f6rden.<\/p>\n<\/div><\/div>\n\n\n\n<p>Aktuell hat der Fachverband rund 700 ordentliche Mitglieder sowie ca. 30 au\u00dferordentliche Mitglieder und Ehrenmitglieder in rund 200 Standes\u00e4mtern in 13 Kreisen und 14 kreisfreien St\u00e4dten.<br><br>Vordringliche Aufgabe ist es, die in den Standes\u00e4mtern und Aufsichtsbeh\u00f6rden t\u00e4tigen Personen zu beraten, deren Aus- und Fortbildung im Einvernehmen mit dem Innenministerium NRW durchzuf\u00fchren und die beruflichen Interessen der Mitglieder zu f\u00f6rdern.<br><br>Einen breiten Raum nimmt die Beratung durch telefonische und schriftliche Anfragen von Standesbeamten und deren Mitarbeitern ein. Hier werden besonders aktuell, oft im Beisein vorsprechender B\u00fcrger, Rat und Hilfe gegeben.<br><br>Der Fachverband betreibt auch \u00d6ffentlichkeitsarbeit und wirkt an der Fortentwicklung des Personenstandsrechts und artverwandter Rechtsgebiete gutachtlich mit.<br>Satzungsgem\u00e4\u00df hat sich der Fachverband jeglicher wirtschaftlicher, politischer und gewerkschaftlicher T\u00e4tigkeit zu enthalten.<br><br>F\u00fcr Fragen und Anregungen stehen wir Ihnen jederzeit zur Verf\u00fcgung, nehmen Sie einfach Kontakt mit uns auf.<br><br>Freundliche Gr\u00fc\u00dfe<br><br><em>Oliver Leeling<\/em><br><br>Vorsitzender<\/p>\n\n\n\n<p><\/p>\n","protected":false},"excerpt":{"rendered":"<p>Guten Tag und herzlich Willkommen auf der Homepage des Fachverbandes Nordrhein e.V. Sch\u00f6n, Ihr Interesse geweckt zu haben. Ich lade Sie herzlich ein auf unserer &hellip; <\/p>\n","protected":false},"author":1,"featured_media":0,"parent":0,"menu_order":0,"comment_status":"closed","ping_status":"closed","template":"","meta":{"footnotes":""},"class_list":["post-38","page","type-page","status-publish","hentry"],"_links":{"self":[{"href":"http:\/\/standesbeamte-nordrhein.de\/index.php?rest_route=\/wp\/v2\/pages\/38","targetHints":{"allow":["GET"]}}],"collection":[{"href":"http:\/\/standesbeamte-nordrhein.de\/index.php?rest_route=\/wp\/v2\/pages"}],"about":[{"href":"http:\/\/standesbeamte-nordrhein.de\/index.php?rest_route=\/wp\/v2\/types\/page"}],"author":[{"embeddable":true,"href":"http:\/\/standesbeamte-nordrhein.de\/index.php?rest_route=\/wp\/v2\/users\/1"}],"replies":[{"embeddable":true,"href":"http:\/\/standesbeamte-nordrhein.de\/index.php?rest_route=%2Fwp%2Fv2%2Fcomments&post=38"}],"version-history":[{"count":5,"href":"http:\/\/standesbeamte-nordrhein.de\/index.php?rest_route=\/wp\/v2\/pages\/38\/revisions"}],"predecessor-version":[{"id":2411,"href":"http:\/\/standesbeamte-nordrhein.de\/index.php?rest_route=\/wp\/v2\/pages\/38\/revisions\/2411"}],"wp:attachment":[{"href":"http:\/\/standesbeamte-nordrhein.de\/index.php?rest_route=%2Fwp%2Fv2%2Fmedia&parent=38"}],"curies":[{"name":"wp","href":"https:\/\/api.w.org\/{rel}","templated":true}]}}