{"id":43,"date":"2020-11-03T06:05:57","date_gmt":"2020-11-03T06:05:57","guid":{"rendered":"http:\/\/nhp.standesbeamte-nordrhein.de\/?page_id=43"},"modified":"2025-05-25T09:54:12","modified_gmt":"2025-05-25T07:54:12","slug":"datenschutzerklaerung","status":"publish","type":"page","link":"http:\/\/standesbeamte-nordrhein.de\/?page_id=43","title":{"rendered":"Datenschutzerkl\u00e4rung"},"content":{"rendered":"\n<p><strong>Allgemeiner Hinweis und Pflichtinformationen<\/strong><br><br><strong>Benennung der verantwortlichen Stelle<\/strong><br><br>Die verantwortliche Stelle f\u00fcr die Datenverarbeitung auf dieser Website ist:<br><br>Fachverband der Standesbeamten Nordrhein e.V.<br>Inselstra\u00dfe 17<br>40479 D\u00fcsseldorf<br>Tel.: 02131\/90-5002<br>E-mail: <a href=\"mailto:post@standesbeamte-nordrhein.de\">post@standesbeamte-nordrhein.de<\/a><br><br>Vertretungsberechtigter Vorsitzender: Oliver Leeling<br>Registergericht: Amtsgericht D\u00fcsseldorf, Nr. VR 4386<br><br>Die verantwortliche Stelle entscheidet allein oder gemeinsam mit anderen \u00fcber die Zwecke und Mittel der Verarbeitung von personenbezogenen Daten (z.B. Namen, Kontaktdaten o. \u00c4.).<br><br><strong>Widerruf Ihrer Einwilligung zur Datenverarbeitung<\/strong><br><br>Nur mit Ihrer ausdr\u00fccklichen Einwilligung sind einige Vorg\u00e4nge der Datenverarbeitung m\u00f6glich. Ein Widerruf Ihrer bereits erteilten Einwilligung ist jederzeit m\u00f6glich. F\u00fcr den Widerruf gen\u00fcgt eine formlose Mitteilung per E-Mail an den Administrator. Diese E-Mail befindet sich im <a href=\"https:\/\/standesbeamte-nordrhein.de\/?page_id=274\" data-type=\"link\" data-id=\"https:\/\/standesbeamte-nordrhein.de\/?page_id=274\">Impressum<\/a>. Die Rechtm\u00e4\u00dfigkeit der bis zum Widerruf erfolgten Datenverarbeitung bleibt vom Widerruf unber\u00fchrt.<br><br><strong>Recht auf Daten\u00fcbertragbarkeit<\/strong><br><br>Ihnen steht das Recht zu, Daten, die wir auf Grundlage Ihrer Einwilligung oder in Erf\u00fcllung eines Vertrags automatisiert verarbeiten, an sich oder an Dritte aush\u00e4ndigen zu lassen. Die Bereitstellung erfolgt in einem maschinenlesbaren Format. Sofern Sie die direkte \u00dcbertragung der Daten an einen anderen Verantwortlichen verlangen, erfolgt dies nur, soweit es technisch machbar ist.<br><br><strong>Recht auf Auskunft, Berichtigung, Sperrung, L\u00f6schung<\/strong><br><br>Sie haben jederzeit im Rahmen der geltenden gesetzlichen Bestimmungen das Recht auf unentgeltliche Auskunft \u00fcber Ihre gespeicherten personenbezogenen Daten, Herkunft der Daten, deren Empf\u00e4nger und den Zweck der Datenverarbeitung und ggf. ein Recht auf Berichtigung, Sperrung oder L\u00f6schung dieser Daten. Diesbez\u00fcglich und auch zu weiteren Fragen zum Thema personenbezogene Daten k\u00f6nnen Sie sich jederzeit \u00fcber die im Impressum aufgef\u00fchrten Kontaktm\u00f6glichkeiten an uns wenden.<br><br><strong>SSL- bzw. TLS-Verschl\u00fcsselung<\/strong><br><br>Aus Sicherheitsgr\u00fcnden und zum Schutz der \u00dcbertragung vertraulicher Inhalte, die Sie an uns als Seitenbetreiber senden, nutzt unsere Website eine SSL-bzw. TLS-Verschl\u00fcsselung. Damit sind Daten, die Sie \u00fcber diese Website \u00fcbermitteln, f\u00fcr Dritte nicht mitlesbar. Sie erkennen eine verschl\u00fcsselte Verbindung an der \u201ehttps:\/\/\u201c Adresszeile Ihres Browsers und am Schloss-Symbol in der Browserzeile.<br><br><strong>Server-Log-Dateien<\/strong><br><br>In Server-Log-Dateien erhebt und speichert der Provider der Website automatisch Informationen, die Ihr Browser automatisch an uns \u00fcbermittelt. Dies sind:<br><br>Besuchte Seite auf unserer Domain<br>Datum und Uhrzeit der Serveranfrage<br>Browsertyp und Browserversion<br>Verwendetes Betriebssystem<br>Referrer URL<br>Hostname des zugreifenden Rechners<br>IP-Adresse<br><br>Es findet keine Zusammenf\u00fchrung dieser Daten mit anderen Datenquellen statt. Grundlage der Datenverarbeitung bildet Art. 6 Abs. 1 lit. b DSGVO, der die Verarbeitung von Daten zur Erf\u00fcllung eines Vertrags oder vorvertraglicher Ma\u00dfnahmen gestattet.<br><br><strong>Speicherdauer von Beitr\u00e4gen und Kommentaren<\/strong><br><br>Beitr\u00e4ge und Kommentare sowie damit in Verbindung stehende Daten, wie beispielsweise IP-Adressen, werden gespeichert. Der Inhalt verbleibt auf unserer Website, bis er vollst\u00e4ndig gel\u00f6scht wurde oder aus rechtlichen Gr\u00fcnden gel\u00f6scht werden musste.<br><br>Die Speicherung der Beitr\u00e4ge und Kommentare erfolgt auf Grundlage Ihrer Einwilligung (Art. 6 Abs. 1 lit. a DSGVO). Ein Widerruf Ihrer bereits erteilten Einwilligung ist jederzeit m\u00f6glich. F\u00fcr den Widerruf gen\u00fcgt eine formlose Mitteilung per E-Mail. Die Rechtm\u00e4\u00dfigkeit bereits erfolgter Datenverarbeitungsvorg\u00e4nge bleibt vom Widerruf unber\u00fchrt.<br><br><strong>Newsletter-Daten<\/strong><br><br>Zum Versenden unseres Newsletters ben\u00f6tigen wir von Ihnen eine E-Mail-Adresse. Nach Eintragung erhalten Sie eine E-Mail, um die Eintragung zu best\u00e4tigen. Erg\u00e4nzende Daten werden nicht erhoben oder sind freiwillig. Die Verwendung der Daten erfolgt ausschlie\u00dflich f\u00fcr den Versand des Newsletters.<br><br>Die bei der Newsletteranmeldung gemachten Daten werden ausschlie\u00dflich auf Grundlage Ihrer Einwilligung (Art. 6 Abs. 1 lit. a DSGVO) verarbeitet. Ein Widerruf Ihrer bereits erteilten Einwilligung ist jederzeit m\u00f6glich. Sie k\u00f6nnen sich bei Erhalt eines Newsletters durch Anklicken des dort befindlichen Links abmelden oder jederzeit dem Administrator eine E-Mail mit dem Widerruf zukommen lassen. Die Rechtm\u00e4\u00dfigkeit der bereits erfolgten Datenverarbeitungsvorg\u00e4nge bleibt vom Widerruf unber\u00fchrt.<br><br>Zur Einrichtung des Abonnements eingegebene Daten werden im Falle der Abmeldung gel\u00f6scht. Sollten diese Daten f\u00fcr andere Zwecke und an anderer Stelle an uns \u00fcbermittelt worden sein, verbleiben diese weiterhin bei uns.<\/p>\n","protected":false},"excerpt":{"rendered":"<p>Allgemeiner Hinweis und Pflichtinformationen Benennung der verantwortlichen Stelle Die verantwortliche Stelle f\u00fcr die Datenverarbeitung auf dieser Website ist: Fachverband der Standesbeamten Nordrhein e.V.Inselstra\u00dfe 1740479 D\u00fcsseldorfTel.: &hellip; <\/p>\n","protected":false},"author":1,"featured_media":0,"parent":0,"menu_order":0,"comment_status":"closed","ping_status":"closed","template":"","meta":{"footnotes":""},"class_list":["post-43","page","type-page","status-publish","hentry"],"_links":{"self":[{"href":"http:\/\/standesbeamte-nordrhein.de\/index.php?rest_route=\/wp\/v2\/pages\/43","targetHints":{"allow":["GET"]}}],"collection":[{"href":"http:\/\/standesbeamte-nordrhein.de\/index.php?rest_route=\/wp\/v2\/pages"}],"about":[{"href":"http:\/\/standesbeamte-nordrhein.de\/index.php?rest_route=\/wp\/v2\/types\/page"}],"author":[{"embeddable":true,"href":"http:\/\/standesbeamte-nordrhein.de\/index.php?rest_route=\/wp\/v2\/users\/1"}],"replies":[{"embeddable":true,"href":"http:\/\/standesbeamte-nordrhein.de\/index.php?rest_route=%2Fwp%2Fv2%2Fcomments&post=43"}],"version-history":[{"count":1,"href":"http:\/\/standesbeamte-nordrhein.de\/index.php?rest_route=\/wp\/v2\/pages\/43\/revisions"}],"predecessor-version":[{"id":2174,"href":"http:\/\/standesbeamte-nordrhein.de\/index.php?rest_route=\/wp\/v2\/pages\/43\/revisions\/2174"}],"wp:attachment":[{"href":"http:\/\/standesbeamte-nordrhein.de\/index.php?rest_route=%2Fwp%2Fv2%2Fmedia&parent=43"}],"curies":[{"name":"wp","href":"https:\/\/api.w.org\/{rel}","templated":true}]}}